{"id":166,"date":"2018-11-23T02:38:59","date_gmt":"2018-11-23T02:38:59","guid":{"rendered":"http:\/\/paperspapereria.com\/?page_id=166"},"modified":"2024-10-22T16:40:42","modified_gmt":"2024-10-22T16:40:42","slug":"papeleria","status":"publish","type":"page","link":"https:\/\/paperspapereria.com\/es\/papeleria\/","title":{"rendered":"Papeler\u00eda"},"content":{"rendered":"\t\t<div data-elementor-type=\"wp-post\" data-elementor-id=\"166\" class=\"elementor elementor-166 elementor-18 elementor-bc-flex-widget\" data-elementor-post-type=\"page\">\n\t\t\t\t\t\t<section class=\"elementor-section elementor-top-section elementor-element elementor-element-aaca308 elementor-section-boxed elementor-section-height-default elementor-section-height-default\" data-id=\"aaca308\" data-element_type=\"section\">\n\t\t\t\t\t\t<div class=\"elementor-container elementor-column-gap-default\">\n\t\t\t\t\t<div class=\"elementor-column elementor-col-50 elementor-top-column elementor-element elementor-element-b680504\" data-id=\"b680504\" data-element_type=\"column\" data-settings=\"{&quot;background_background&quot;:&quot;classic&quot;}\">\n\t\t\t<div class=\"elementor-widget-wrap elementor-element-populated\">\n\t\t\t\t\t\t<div class=\"elementor-element elementor-element-4081066 elementor-widget elementor-widget-heading\" data-id=\"4081066\" data-element_type=\"widget\" data-widget_type=\"heading.default\">\n\t\t\t\t<div class=\"elementor-widget-container\">\n\t\t\t<h2 class=\"elementor-heading-title elementor-size-default\">Papeler\u00eda<\/h2>\t\t<\/div>\n\t\t\t\t<\/div>\n\t\t\t\t<div class=\"elementor-element elementor-element-eb8e2a4 elementor-widget elementor-widget-text-editor\" data-id=\"eb8e2a4\" data-element_type=\"widget\" data-widget_type=\"text-editor.default\">\n\t\t\t\t<div class=\"elementor-widget-container\">\n\t\t\t\t\t\t\t<p>Como comercio de proximidad nuestro objetivo, en la b\u00fasqueda de la excelencia, es ofrecer productos de calidad, por ello trabajamos con fabricantes l\u00edderes en sus respectivos sectores con productos de altas prestaciones y durabilidad.<\/p><p>Escogemos cuidadosamente nuestros productos para poder ofrecer productos de alta durabilidad, dise\u00f1o actual y que aporten valor<\/p>\t\t\t\t\t\t<\/div>\n\t\t\t\t<\/div>\n\t\t\t\t\t<\/div>\n\t\t<\/div>\n\t\t\t\t<div class=\"elementor-column elementor-col-50 elementor-top-column elementor-element elementor-element-d4df646\" data-id=\"d4df646\" data-element_type=\"column\" data-settings=\"{&quot;background_background&quot;:&quot;classic&quot;}\">\n\t\t\t<div class=\"elementor-widget-wrap elementor-element-populated\">\n\t\t\t\t\t\t<div class=\"elementor-element elementor-element-adac298 elementor-widget elementor-widget-image\" data-id=\"adac298\" data-element_type=\"widget\" data-widget_type=\"image.default\">\n\t\t\t\t<div class=\"elementor-widget-container\">\n\t\t\t\t\t\t\t\t\t\t\t\t\t<img fetchpriority=\"high\" decoding=\"async\" width=\"385\" height=\"262\" src=\"https:\/\/paperspapereria.com\/wp-content\/uploads\/2018\/12\/Cabecera-Papeler\u00eda-difuminado-2-1.jpg\" class=\"attachment-large size-large wp-image-427\" alt=\"\" srcset=\"https:\/\/paperspapereria.com\/wp-content\/uploads\/2018\/12\/Cabecera-Papeler\u00eda-difuminado-2-1.jpg 385w, https:\/\/paperspapereria.com\/wp-content\/uploads\/2018\/12\/Cabecera-Papeler\u00eda-difuminado-2-1-300x204.jpg 300w\" sizes=\"(max-width: 385px) 100vw, 385px\" \/>\t\t\t\t\t\t\t\t\t\t\t\t\t<\/div>\n\t\t\t\t<\/div>\n\t\t\t\t\t<\/div>\n\t\t<\/div>\n\t\t\t\t\t<\/div>\n\t\t<\/section>\n\t\t\t\t<section class=\"elementor-section elementor-top-section elementor-element elementor-element-52009e4 elementor-section-boxed elementor-section-height-default elementor-section-height-default\" data-id=\"52009e4\" data-element_type=\"section\">\n\t\t\t\t\t\t<div class=\"elementor-container elementor-column-gap-default\">\n\t\t\t\t\t<div class=\"elementor-column elementor-col-100 elementor-top-column elementor-element elementor-element-01c21c2\" data-id=\"01c21c2\" data-element_type=\"column\" data-settings=\"{&quot;background_background&quot;:&quot;classic&quot;}\">\n\t\t\t<div class=\"elementor-widget-wrap elementor-element-populated\">\n\t\t\t\t\t\t<div class=\"elementor-element elementor-element-ff1eb56 elementor-widget elementor-widget-image\" data-id=\"ff1eb56\" data-element_type=\"widget\" data-widget_type=\"image.default\">\n\t\t\t\t<div class=\"elementor-widget-container\">\n\t\t\t\t\t\t\t\t\t\t\t\t\t<img decoding=\"async\" width=\"1024\" height=\"63\" src=\"https:\/\/paperspapereria.com\/wp-content\/uploads\/2018\/11\/papereria-2-1024x63.png\" class=\"attachment-large size-large wp-image-170\" alt=\"\" srcset=\"https:\/\/paperspapereria.com\/wp-content\/uploads\/2018\/11\/papereria-2-1024x63.png 1024w, https:\/\/paperspapereria.com\/wp-content\/uploads\/2018\/11\/papereria-2-300x18.png 300w, https:\/\/paperspapereria.com\/wp-content\/uploads\/2018\/11\/papereria-2-768x47.png 768w, https:\/\/paperspapereria.com\/wp-content\/uploads\/2018\/11\/papereria-2.png 1742w\" sizes=\"(max-width: 1024px) 100vw, 1024px\" \/>\t\t\t\t\t\t\t\t\t\t\t\t\t<\/div>\n\t\t\t\t<\/div>\n\t\t\t\t<div class=\"elementor-element elementor-element-4d3dc75 elementor-widget elementor-widget-image\" data-id=\"4d3dc75\" data-element_type=\"widget\" data-widget_type=\"image.default\">\n\t\t\t\t<div class=\"elementor-widget-container\">\n\t\t\t\t\t\t\t\t\t\t\t\t\t<img decoding=\"async\" width=\"1024\" height=\"58\" src=\"https:\/\/paperspapereria.com\/wp-content\/uploads\/2018\/11\/papereria-3-1024x58.png\" class=\"attachment-large size-large wp-image-171\" alt=\"\" srcset=\"https:\/\/paperspapereria.com\/wp-content\/uploads\/2018\/11\/papereria-3-1024x58.png 1024w, https:\/\/paperspapereria.com\/wp-content\/uploads\/2018\/11\/papereria-3-300x17.png 300w, https:\/\/paperspapereria.com\/wp-content\/uploads\/2018\/11\/papereria-3-768x43.png 768w, https:\/\/paperspapereria.com\/wp-content\/uploads\/2018\/11\/papereria-3.png 1737w\" sizes=\"(max-width: 1024px) 100vw, 1024px\" \/>\t\t\t\t\t\t\t\t\t\t\t\t\t<\/div>\n\t\t\t\t<\/div>\n\t\t\t\t<div class=\"elementor-element elementor-element-1df3689 elementor-widget elementor-widget-image\" data-id=\"1df3689\" data-element_type=\"widget\" data-widget_type=\"image.default\">\n\t\t\t\t<div class=\"elementor-widget-container\">\n\t\t\t\t\t\t\t\t\t\t\t\t\t<img loading=\"lazy\" decoding=\"async\" width=\"1024\" height=\"50\" src=\"https:\/\/paperspapereria.com\/wp-content\/uploads\/2018\/11\/papereria-4-1024x50.png\" class=\"attachment-large size-large wp-image-172\" alt=\"\" srcset=\"https:\/\/paperspapereria.com\/wp-content\/uploads\/2018\/11\/papereria-4-1024x50.png 1024w, https:\/\/paperspapereria.com\/wp-content\/uploads\/2018\/11\/papereria-4-300x15.png 300w, https:\/\/paperspapereria.com\/wp-content\/uploads\/2018\/11\/papereria-4-768x37.png 768w, https:\/\/paperspapereria.com\/wp-content\/uploads\/2018\/11\/papereria-4.png 1734w\" sizes=\"(max-width: 1024px) 100vw, 1024px\" \/>\t\t\t\t\t\t\t\t\t\t\t\t\t<\/div>\n\t\t\t\t<\/div>\n\t\t\t\t<div class=\"elementor-element elementor-element-e586b65 elementor-widget elementor-widget-image\" data-id=\"e586b65\" data-element_type=\"widget\" data-widget_type=\"image.default\">\n\t\t\t\t<div class=\"elementor-widget-container\">\n\t\t\t\t\t\t\t\t\t\t\t\t\t<img loading=\"lazy\" decoding=\"async\" width=\"1024\" height=\"55\" src=\"https:\/\/paperspapereria.com\/wp-content\/uploads\/2018\/11\/papereria-5-1024x55.png\" class=\"attachment-large size-large wp-image-173\" alt=\"\" srcset=\"https:\/\/paperspapereria.com\/wp-content\/uploads\/2018\/11\/papereria-5-1024x55.png 1024w, https:\/\/paperspapereria.com\/wp-content\/uploads\/2018\/11\/papereria-5-300x16.png 300w, https:\/\/paperspapereria.com\/wp-content\/uploads\/2018\/11\/papereria-5-768x41.png 768w, https:\/\/paperspapereria.com\/wp-content\/uploads\/2018\/11\/papereria-5.png 1736w\" sizes=\"(max-width: 1024px) 100vw, 1024px\" \/>\t\t\t\t\t\t\t\t\t\t\t\t\t<\/div>\n\t\t\t\t<\/div>\n\t\t\t\t<div class=\"elementor-element elementor-element-a0a223b elementor-widget elementor-widget-image\" data-id=\"a0a223b\" data-element_type=\"widget\" data-widget_type=\"image.default\">\n\t\t\t\t<div class=\"elementor-widget-container\">\n\t\t\t\t\t\t\t\t\t\t\t\t\t<img loading=\"lazy\" decoding=\"async\" width=\"1024\" height=\"57\" src=\"https:\/\/paperspapereria.com\/wp-content\/uploads\/2018\/11\/papereria-6-1024x57.png\" class=\"attachment-large size-large wp-image-174\" alt=\"\" srcset=\"https:\/\/paperspapereria.com\/wp-content\/uploads\/2018\/11\/papereria-6-1024x57.png 1024w, https:\/\/paperspapereria.com\/wp-content\/uploads\/2018\/11\/papereria-6-300x17.png 300w, https:\/\/paperspapereria.com\/wp-content\/uploads\/2018\/11\/papereria-6-768x43.png 768w, https:\/\/paperspapereria.com\/wp-content\/uploads\/2018\/11\/papereria-6.png 1516w\" sizes=\"(max-width: 1024px) 100vw, 1024px\" \/>\t\t\t\t\t\t\t\t\t\t\t\t\t<\/div>\n\t\t\t\t<\/div>\n\t\t\t\t\t<\/div>\n\t\t<\/div>\n\t\t\t\t\t<\/div>\n\t\t<\/section>\n\t\t\t\t<\/div>\n\t\t","protected":false},"excerpt":{"rendered":"<p>Papeler\u00eda Como comercio de proximidad nuestro objetivo, en la b\u00fasqueda de la excelencia, es ofrecer productos de calidad, por ello trabajamos con fabricantes l\u00edderes en sus respectivos sectores con productos de altas prestaciones y durabilidad. Escogemos cuidadosamente nuestros productos para poder ofrecer productos de alta durabilidad, dise\u00f1o actual y que aporten valor<\/p>\n","protected":false},"author":1,"featured_media":0,"parent":0,"menu_order":0,"comment_status":"closed","ping_status":"closed","template":"elementor_header_footer","meta":{"site-sidebar-layout":"no-sidebar","site-content-layout":"plain-container","ast-site-content-layout":"","site-content-style":"default","site-sidebar-style":"default","ast-global-header-display":"","ast-banner-title-visibility":"","ast-main-header-display":"","ast-hfb-above-header-display":"","ast-hfb-below-header-display":"","ast-hfb-mobile-header-display":"","site-post-title":"disabled","ast-breadcrumbs-content":"","ast-featured-img":"disabled","footer-sml-layout":"","theme-transparent-header-meta":"","adv-header-id-meta":"","stick-header-meta":"","header-above-stick-meta":"","header-main-stick-meta":"","header-below-stick-meta":"","astra-migrate-meta-layouts":"default","ast-page-background-enabled":"default","ast-page-background-meta":{"desktop":{"background-color":"var(--ast-global-color-4)","background-image":"","background-repeat":"repeat","background-position":"center center","background-size":"auto","background-attachment":"scroll","background-type":"","background-media":"","overlay-type":"","overlay-color":"","overlay-opacity":"","overlay-gradient":""},"tablet":{"background-color":"","background-image":"","background-repeat":"repeat","background-position":"center center","background-size":"auto","background-attachment":"scroll","background-type":"","background-media":"","overlay-type":"","overlay-color":"","overlay-opacity":"","overlay-gradient":""},"mobile":{"background-color":"","background-image":"","background-repeat":"repeat","background-position":"center center","background-size":"auto","background-attachment":"scroll","background-type":"","background-media":"","overlay-type":"","overlay-color":"","overlay-opacity":"","overlay-gradient":""}},"ast-content-background-meta":{"desktop":{"background-color":"var(--ast-global-color-5)","background-image":"","background-repeat":"repeat","background-position":"center center","background-size":"auto","background-attachment":"scroll","background-type":"","background-media":"","overlay-type":"","overlay-color":"","overlay-opacity":"","overlay-gradient":""},"tablet":{"background-color":"var(--ast-global-color-5)","background-image":"","background-repeat":"repeat","background-position":"center center","background-size":"auto","background-attachment":"scroll","background-type":"","background-media":"","overlay-type":"","overlay-color":"","overlay-opacity":"","overlay-gradient":""},"mobile":{"background-color":"var(--ast-global-color-5)","background-image":"","background-repeat":"repeat","background-position":"center center","background-size":"auto","background-attachment":"scroll","background-type":"","background-media":"","overlay-type":"","overlay-color":"","overlay-opacity":"","overlay-gradient":""}},"footnotes":""},"class_list":["post-166","page","type-page","status-publish","hentry"],"_links":{"self":[{"href":"https:\/\/paperspapereria.com\/es\/wp-json\/wp\/v2\/pages\/166"}],"collection":[{"href":"https:\/\/paperspapereria.com\/es\/wp-json\/wp\/v2\/pages"}],"about":[{"href":"https:\/\/paperspapereria.com\/es\/wp-json\/wp\/v2\/types\/page"}],"author":[{"embeddable":true,"href":"https:\/\/paperspapereria.com\/es\/wp-json\/wp\/v2\/users\/1"}],"replies":[{"embeddable":true,"href":"https:\/\/paperspapereria.com\/es\/wp-json\/wp\/v2\/comments?post=166"}],"version-history":[{"count":6,"href":"https:\/\/paperspapereria.com\/es\/wp-json\/wp\/v2\/pages\/166\/revisions"}],"predecessor-version":[{"id":430,"href":"https:\/\/paperspapereria.com\/es\/wp-json\/wp\/v2\/pages\/166\/revisions\/430"}],"wp:attachment":[{"href":"https:\/\/paperspapereria.com\/es\/wp-json\/wp\/v2\/media?parent=166"}],"curies":[{"name":"wp","href":"https:\/\/api.w.org\/{rel}","templated":true}]}}