{"id":582,"date":"2019-03-19T01:41:15","date_gmt":"2019-03-19T01:41:15","guid":{"rendered":"http:\/\/paperspapereria.com\/?page_id=582"},"modified":"2024-10-22T16:40:41","modified_gmt":"2024-10-22T16:40:41","slug":"aviso-legal","status":"publish","type":"page","link":"https:\/\/paperspapereria.com\/es\/aviso-legal\/","title":{"rendered":"Aviso Legal"},"content":{"rendered":"\t\t<div data-elementor-type=\"wp-post\" data-elementor-id=\"582\" class=\"elementor elementor-582 elementor-577\" data-elementor-post-type=\"page\">\n\t\t\t\t\t\t<section class=\"elementor-section elementor-top-section elementor-element elementor-element-a830ea2 elementor-section-stretched elementor-section-boxed elementor-section-height-default elementor-section-height-default\" data-id=\"a830ea2\" data-element_type=\"section\" data-settings=\"{&quot;stretch_section&quot;:&quot;section-stretched&quot;,&quot;background_background&quot;:&quot;classic&quot;}\">\n\t\t\t\t\t\t\t<div class=\"elementor-background-overlay\"><\/div>\n\t\t\t\t\t\t\t<div class=\"elementor-container elementor-column-gap-default\">\n\t\t\t\t\t<div class=\"elementor-column elementor-col-100 elementor-top-column elementor-element elementor-element-5ef2897\" data-id=\"5ef2897\" data-element_type=\"column\" data-settings=\"{&quot;background_background&quot;:&quot;classic&quot;}\">\n\t\t\t<div class=\"elementor-widget-wrap elementor-element-populated\">\n\t\t\t\t\t\t<section class=\"elementor-section elementor-inner-section elementor-element elementor-element-273009a elementor-section-boxed elementor-section-height-default elementor-section-height-default\" data-id=\"273009a\" data-element_type=\"section\" data-settings=\"{&quot;background_background&quot;:&quot;classic&quot;}\">\n\t\t\t\t\t\t<div class=\"elementor-container elementor-column-gap-default\">\n\t\t\t\t\t<div class=\"elementor-column elementor-col-100 elementor-inner-column elementor-element elementor-element-93b461d\" data-id=\"93b461d\" data-element_type=\"column\" data-settings=\"{&quot;background_background&quot;:&quot;classic&quot;}\">\n\t\t\t<div class=\"elementor-widget-wrap elementor-element-populated\">\n\t\t\t\t\t\t<div class=\"elementor-element elementor-element-ab60b63 elementor-widget elementor-widget-heading\" data-id=\"ab60b63\" data-element_type=\"widget\" data-widget_type=\"heading.default\">\n\t\t\t\t<div class=\"elementor-widget-container\">\n\t\t\t<h2 class=\"elementor-heading-title elementor-size-default\">Aviso Legal<\/h2>\t\t<\/div>\n\t\t\t\t<\/div>\n\t\t\t\t\t<\/div>\n\t\t<\/div>\n\t\t\t\t\t<\/div>\n\t\t<\/section>\n\t\t\t\t<div class=\"elementor-element elementor-element-1dc6ae4 elementor-widget elementor-widget-text-editor\" data-id=\"1dc6ae4\" data-element_type=\"widget\" data-widget_type=\"text-editor.default\">\n\t\t\t\t<div class=\"elementor-widget-container\">\n\t\t\t\t\t\t\t<p>En cumplimiento de lo dispuesto en el art\u00edculo 10 de la Ley 34\/2002, de 11 de julio, de Servicios de la Sociedad de la Informaci\u00f3n y Comercio Electr\u00f3nico, se pone a disposici\u00f3n de los Usuarios la informaci\u00f3n relativa a este sitio:<\/p><p><strong>Titularidad de la p\u00e1gina web:<\/strong><\/p><ul><li>Denominaci\u00f3n Social: <strong>Papers Parereria<br \/><\/strong>\u2022 Domicilio: Valencia 524, 08013 Barcelona<br \/>\u2022 Tel\u00e9fono: +34 93 245 54 28<br \/>\u2022 NIF\/CIF: 36977390Z<br \/>\u2022 Correo electr\u00f3nico: <a href=\"mailto:papers@paperspapereria.com\">papers@paperspapereria.com<\/a><\/li><\/ul><p>\u00a0<\/p><p><strong>REFERENCIAS Y ENLACES A WEBS DE OTRAS ORGANIZACIONES<\/strong><\/p><p>Algunas p\u00e1ginas de esta web contienen referencias o enlaces a webs de otras organizaciones. La presencia de estos enlaces tiene una finalidad informativa, no constituyendo en ning\u00fan caso una invitaci\u00f3n a la contrataci\u00f3n de productos o servicios que se ofrezcan en la p\u00e1gina web de destino. <strong>: Papers Parereria<\/strong> no se responsabiliza ni de la exactitud ni de la actualizaci\u00f3n de estas webs externas.<\/p><p><strong>ADVERTENCIA SOBRE LA UTILIZACI\u00d3N DE GALLETAS (COOKIES)<\/strong><\/p><p>Una cookie es un peque\u00f1o archivo de datos que algunos sitios web escriben en su unidad de disco cuando se visita. Un archivo cookie puede contener informaci\u00f3n como la identificaci\u00f3n de usuario, que el sitio web utiliza para rastrear las p\u00e1ginas que usted ha visitado. La \u00fanica informaci\u00f3n personal que un cookie puede contener es la informaci\u00f3n que usted mismo le proporciona. Una cookie no puede leer datos de su unidad de disco, ni puede ser ejecutada como un c\u00f3digo ni contener virus. Advertimos que esta p\u00e1gina puede utilizar cookies. El usuario tiene la opci\u00f3n de impedir la generaci\u00f3n de cookies, mediante la selecci\u00f3n de la correspondiente opci\u00f3n en su programa de navegaci\u00f3n.<\/p>\t\t\t\t\t\t<\/div>\n\t\t\t\t<\/div>\n\t\t\t\t\t<\/div>\n\t\t<\/div>\n\t\t\t\t\t<\/div>\n\t\t<\/section>\n\t\t\t\t<\/div>\n\t\t","protected":false},"excerpt":{"rendered":"<p>Aviso Legal En cumplimiento de lo dispuesto en el art\u00edculo 10 de la Ley 34\/2002, de 11 de julio, de Servicios de la Sociedad de la Informaci\u00f3n y Comercio Electr\u00f3nico, se pone a disposici\u00f3n de los Usuarios la informaci\u00f3n relativa a este sitio: Titularidad de la p\u00e1gina web: Denominaci\u00f3n Social: Papers Parereria\u2022 Domicilio: Valencia 524, [&hellip;]<\/p>\n","protected":false},"author":1,"featured_media":0,"parent":0,"menu_order":0,"comment_status":"closed","ping_status":"closed","template":"elementor_header_footer","meta":{"site-sidebar-layout":"no-sidebar","site-content-layout":"plain-container","ast-site-content-layout":"","site-content-style":"default","site-sidebar-style":"default","ast-global-header-display":"","ast-banner-title-visibility":"","ast-main-header-display":"","ast-hfb-above-header-display":"","ast-hfb-below-header-display":"","ast-hfb-mobile-header-display":"","site-post-title":"","ast-breadcrumbs-content":"","ast-featured-img":"","footer-sml-layout":"","theme-transparent-header-meta":"default","adv-header-id-meta":"","stick-header-meta":"","header-above-stick-meta":"","header-main-stick-meta":"","header-below-stick-meta":"","astra-migrate-meta-layouts":"default","ast-page-background-enabled":"default","ast-page-background-meta":{"desktop":{"background-color":"var(--ast-global-color-4)","background-image":"","background-repeat":"repeat","background-position":"center center","background-size":"auto","background-attachment":"scroll","background-type":"","background-media":"","overlay-type":"","overlay-color":"","overlay-opacity":"","overlay-gradient":""},"tablet":{"background-color":"","background-image":"","background-repeat":"repeat","background-position":"center center","background-size":"auto","background-attachment":"scroll","background-type":"","background-media":"","overlay-type":"","overlay-color":"","overlay-opacity":"","overlay-gradient":""},"mobile":{"background-color":"","background-image":"","background-repeat":"repeat","background-position":"center center","background-size":"auto","background-attachment":"scroll","background-type":"","background-media":"","overlay-type":"","overlay-color":"","overlay-opacity":"","overlay-gradient":""}},"ast-content-background-meta":{"desktop":{"background-color":"var(--ast-global-color-5)","background-image":"","background-repeat":"repeat","background-position":"center center","background-size":"auto","background-attachment":"scroll","background-type":"","background-media":"","overlay-type":"","overlay-color":"","overlay-opacity":"","overlay-gradient":""},"tablet":{"background-color":"var(--ast-global-color-5)","background-image":"","background-repeat":"repeat","background-position":"center center","background-size":"auto","background-attachment":"scroll","background-type":"","background-media":"","overlay-type":"","overlay-color":"","overlay-opacity":"","overlay-gradient":""},"mobile":{"background-color":"var(--ast-global-color-5)","background-image":"","background-repeat":"repeat","background-position":"center center","background-size":"auto","background-attachment":"scroll","background-type":"","background-media":"","overlay-type":"","overlay-color":"","overlay-opacity":"","overlay-gradient":""}},"footnotes":""},"class_list":["post-582","page","type-page","status-publish","hentry"],"_links":{"self":[{"href":"https:\/\/paperspapereria.com\/es\/wp-json\/wp\/v2\/pages\/582"}],"collection":[{"href":"https:\/\/paperspapereria.com\/es\/wp-json\/wp\/v2\/pages"}],"about":[{"href":"https:\/\/paperspapereria.com\/es\/wp-json\/wp\/v2\/types\/page"}],"author":[{"embeddable":true,"href":"https:\/\/paperspapereria.com\/es\/wp-json\/wp\/v2\/users\/1"}],"replies":[{"embeddable":true,"href":"https:\/\/paperspapereria.com\/es\/wp-json\/wp\/v2\/comments?post=582"}],"version-history":[{"count":2,"href":"https:\/\/paperspapereria.com\/es\/wp-json\/wp\/v2\/pages\/582\/revisions"}],"predecessor-version":[{"id":584,"href":"https:\/\/paperspapereria.com\/es\/wp-json\/wp\/v2\/pages\/582\/revisions\/584"}],"wp:attachment":[{"href":"https:\/\/paperspapereria.com\/es\/wp-json\/wp\/v2\/media?parent=582"}],"curies":[{"name":"wp","href":"https:\/\/api.w.org\/{rel}","templated":true}]}}